{"id":1495,"date":"2016-10-18T21:55:13","date_gmt":"2016-10-18T21:55:13","guid":{"rendered":"http:\/\/www.marmarapak.com\/wp\/?page_id=1495"},"modified":"2024-09-06T11:48:45","modified_gmt":"2024-09-06T11:48:45","slug":"contact-us","status":"publish","type":"page","link":"https:\/\/marmarapak.com\/en\/contact-us\/","title":{"rendered":"Contact Us"},"content":{"rendered":"<div id=\"pl-1495\" class=\"panel-layout\">\n<div id=\"pg-1495-0\" class=\"panel-grid panel-has-style\" data-style=\"{&quot;background_display&quot;:&quot;tile&quot;,&quot;row_stretch&quot;:&quot;full&quot;}\">\n<div class=\"siteorigin-panels-stretch panel-row-style panel-row-style-for-1495-0\" data-stretch-type=\"full\">\n<div id=\"pgc-1495-0-0\" class=\"panel-grid-cell\" data-weight=\"1\">\n<div id=\"panel-1495-0-0-0\" class=\"so-panel widget widget_sow-editor panel-first-child panel-last-child\" data-index=\"0\" data-style=\"{&quot;background_display&quot;:&quot;tile&quot;}\">\n<div class=\"so-widget-sow-editor so-widget-sow-editor-base\">\n<div class=\"siteorigin-widget-tinymce textwidget\">\n<h3 class=\"widget-title\" style=\"text-align: center;\">Contact us<\/h3>\n<\/div>\n<\/div>\n<\/div>\n<\/div>\n<\/div>\n<\/div>\n<div id=\"pg-1495-1\" class=\"panel-grid panel-has-style\" data-style=\"{&quot;background_display&quot;:&quot;tile&quot;,&quot;row_stretch&quot;:&quot;full&quot;}\">\n<div class=\"siteorigin-panels-stretch panel-row-style panel-row-style-for-1495-1\" data-stretch-type=\"full\">\n<div id=\"pgc-1495-1-0\" class=\"panel-grid-cell\" data-weight=\"0.5\">\n<div id=\"panel-1495-1-0-0\" class=\"so-panel widget widget_sow-editor panel-first-child\" data-index=\"1\" data-style=\"{&quot;background_image_attachment&quot;:false,&quot;background_display&quot;:&quot;tile&quot;}\">\n<div class=\"so-widget-sow-editor so-widget-sow-editor-base\">\n<div class=\"siteorigin-widget-tinymce textwidget\">\n<h5><span style=\"color: #ffffff;\"><strong>.<\/strong><\/span><\/h5>\n<p><b>Address<\/b><\/p>\n<\/div>\n<div class=\"siteorigin-widget-tinymce textwidget\">Factory: \u00dcniversite mahallesi Sar\u0131 g\u00fcl sokak. No 14 kat 2 fir\u00fczk\u00f6y \/ Avc\u0131lar \/ \u0130stanbul<\/div>\n<div class=\"siteorigin-widget-tinymce textwidget\">Phone: 00908508881213<\/div>\n<div class=\"siteorigin-widget-tinymce textwidget\">Email:&nbsp;info@beta.marmarapak.com<\/div>\n<\/div>\n<\/div>\n<div id=\"panel-1495-1-0-1\" class=\"so-panel widget widget_sow-editor panel-last-child\" data-index=\"2\" data-style=\"{&quot;padding&quot;:&quot;0px&quot;,&quot;background_image_attachment&quot;:false,&quot;background_display&quot;:&quot;tile&quot;}\">\n<div class=\"panel-widget-style panel-widget-style-for-1495-1-0-1\">\n<div class=\"so-widget-sow-editor so-widget-sow-editor-base\">\n<div class=\"siteorigin-widget-tinymce textwidget\"><iframe loading=\"lazy\" id=\"gmap_canvas\" style=\"border: 0;\" src=\"https:\/\/maps.google.com\/maps?q=%C3%9Cniversite%20mahallesi%20Sar%C4%B1%20g%C3%BCl%20sokak.%20No%2014%20kat%202%20fir%C3%BCzk%C3%B6y%20%2F%20Avc%C4%B1lar%20%2F%20%C4%B0stanbul&amp;t=&amp;z=13&amp;ie=UTF8&amp;iwloc=&amp;output=embed\" width=\"100%\" height=\"300\" frameborder=\"0\" allowfullscreen=\"allowfullscreen\"><\/iframe><\/div>\n<\/div>\n<\/div>\n<\/div>\n<\/div>\n<div id=\"pgc-1495-1-1\" class=\"panel-grid-cell\" data-weight=\"0.5\">\n<div id=\"panel-1495-1-1-0\" class=\"so-panel widget widget_sow-editor panel-first-child\" data-index=\"3\" data-style=\"{&quot;padding&quot;:&quot;0px&quot;,&quot;background_image_attachment&quot;:false,&quot;background_display&quot;:&quot;tile&quot;}\">\n<div class=\"panel-widget-style panel-widget-style-for-1495-1-1-0\">\n<div class=\"so-widget-sow-editor so-widget-sow-editor-base\">\n<div class=\"siteorigin-widget-tinymce textwidget\">\n<h3><strong>MarmaraPak Company<\/strong><\/h3>\n<p><strong>Sell Office:<\/strong><br \/>\n<b>Address :<\/b>Maltepe 27-34010, G\u00fcven \u0130\u015f Merkezi A BlokOfis No. 61 ,Topkapi &#8211; \u0130stanbul<br \/>\n<strong>Phone:<\/strong> 00908508881213<br \/>\n<strong>Email:<\/strong>&nbsp;satis@beta.marmarapak.com<\/p>\n<\/div>\n<\/div>\n<\/div>\n<\/div>\n<div id=\"panel-1495-1-1-1\" class=\"so-panel widget widget_sow-editor panel-last-child\" data-index=\"4\" data-style=\"{&quot;background_display&quot;:&quot;tile&quot;}\">\n<div class=\"so-widget-sow-editor so-widget-sow-editor-base\">\n<div class=\"siteorigin-widget-tinymce textwidget\"><iframe loading=\"lazy\" style=\"border: 0;\" src=\"https:\/\/www.google.com\/maps\/embed?pb=!1m18!1m12!1m3!1d6232.620370684386!2d28.91722712340529!3d41.02179766759636!2m3!1f0!2f0!3f0!3m2!1i1024!2i768!4f13.1!3m3!1m2!1s0x0%3A0x0!2zNDHCsDAxJzE4LjkiTiAyOMKwNTUnMDAuNCJF!5e0!3m2!1sen!2sus!4v1474834673993\" width=\"100%\" height=\"300\" frameborder=\"0\" allowfullscreen=\"allowfullscreen\"><\/iframe><\/div>\n<div>\n<div id=\"pg-1495-2\" class=\"panel-grid panel-has-style\" data-style=\"{&quot;background_display&quot;:&quot;tile&quot;,&quot;row_stretch&quot;:&quot;full&quot;}\">\n<div class=\"siteorigin-panels-stretch panel-row-style panel-row-style-for-1495-2\" data-stretch-type=\"full\">\n<div id=\"pgc-1495-2-1\" class=\"panel-grid-cell\" data-weight=\"0.321\">\n<div id=\"panel-1495-2-1-0\" class=\"so-panel widget widget_sow-editor panel-first-child panel-last-child\" data-index=\"6\" data-style=\"{&quot;padding&quot;:&quot;0px&quot;,&quot;background_image_attachment&quot;:false,&quot;background_display&quot;:&quot;tile&quot;}\">\n<div class=\"panel-widget-style panel-widget-style-for-1495-2-1-0\">\n<div class=\"so-widget-sow-editor so-widget-sow-editor-base\">\n<div class=\"siteorigin-widget-tinymce textwidget\">\n<h3><strong>Sky Colors Company<\/strong><\/h3>\n<p><strong>Email:<\/strong> sky_colors@hotmail.com<\/p>\n<\/div>\n<div class=\"siteorigin-widget-tinymce textwidget\"><strong>Facebook:<\/strong>&nbsp;sky colors non woven<\/div>\n<div class=\"siteorigin-widget-tinymce textwidget\"><strong>Tiwtter:<\/strong> @skycolors2016<\/div>\n<div class=\"siteorigin-widget-tinymce textwidget\"><b>Instagram:<\/b>@sky_colors.sa<\/div>\n<div class=\"siteorigin-widget-tinymce textwidget\"><strong>Phone:<\/strong>00966114788855<\/div>\n<div class=\"siteorigin-widget-tinymce textwidget\"><strong>Sell:<\/strong> +90 542 355<\/div>\n<div class=\"siteorigin-widget-tinymce textwidget\">5575 &nbsp;\u0627\u0644\u0631\u064a\u0627\u0636 &#8211; \u0645\u062e\u0631\u062c 16 \u2013 \u0637\u0631\u064a\u0642 \u0639\u0645\u0631 \u0628\u0646 \u0627\u0644\u062e\u0637\u0627\u0628 \u0645\u0642\u0627\u0628\u0644 \u0648\u0632\u0627\u0631\u0629 \u0627\u0644\u0635\u0646\u0627\u0639\u0629 \u0648\u0627\u0644\u0627\u0633\u062a\u062b\u0645\u0627\u0631<\/div>\n<\/div>\n<\/div>\n<\/div>\n<\/div>\n<\/div>\n<\/div>\n<div id=\"pg-1495-3\" class=\"panel-grid panel-has-style\" data-style=\"{&quot;background_display&quot;:&quot;tile&quot;,&quot;row_stretch&quot;:&quot;full&quot;}\">\n<div class=\"siteorigin-panels-stretch panel-row-style panel-row-style-for-1495-3\" data-stretch-type=\"full\">\n<div id=\"pgc-1495-3-0\" class=\"panel-grid-cell\" data-weight=\"1\">\n<div id=\"panel-1495-3-0-0\" class=\"so-panel widget widget_sow-editor panel-first-child panel-last-child\" data-index=\"7\" data-style=\"{&quot;background_display&quot;:&quot;tile&quot;}\">\n<div class=\"so-widget-sow-editor so-widget-sow-editor-base\">\n<div class=\"siteorigin-widget-tinymce textwidget\">\n<p style=\"text-align: right;\">\n<\/div>\n<\/div>\n<\/div>\n<\/div>\n<\/div>\n<\/div>\n<\/div>\n<\/div>\n<\/div>\n<\/div>\n<\/div>\n<\/div>\n<div id=\"pg-1495-2\" class=\"panel-grid panel-has-style\" data-style=\"{&quot;background_display&quot;:&quot;tile&quot;,&quot;row_stretch&quot;:&quot;full&quot;}\">\n<div class=\"siteorigin-panels-stretch panel-row-style panel-row-style-for-1495-2\" data-stretch-type=\"full\">\n<div id=\"pgc-1495-2-0\" class=\"panel-grid-cell\" data-weight=\"0.679\">\n<div id=\"panel-1495-2-0-0\" class=\"so-panel widget widget_sow-editor panel-first-child panel-last-child\" data-index=\"5\" data-style=\"{&quot;background_display&quot;:&quot;tile&quot;}\">\n<div class=\"so-widget-sow-editor so-widget-sow-editor-base\">\n<div class=\"siteorigin-widget-tinymce textwidget\"><iframe loading=\"lazy\" style=\"border: 0;\" src=\"https:\/\/www.google.com\/maps\/embed?pb=!1m18!1m12!1m3!1d3626.1319709584495!2d46.7468004149988!3d24.653585384151867!2m3!1f0!2f0!3f0!3m2!1i1024!2i768!4f13.1!3m3!1m2!1s0x0%3A0x0!2zMjTCsDM5JzEyLjkiTiA0NsKwNDQnNTYuNCJF!5e0!3m2!1sen!2s!4v1476434879745\" width=\"100%\" height=\"300\" frameborder=\"0\" allowfullscreen=\"allowfullscreen\"><\/iframe><\/div>\n<div><div role=\"form\" class=\"wpcf7\" id=\"wpcf7-f2009-o1\" lang=\"en-US\" dir=\"ltr\">\n<div class=\"screen-reader-response\"><p role=\"status\" aria-live=\"polite\" aria-atomic=\"true\"><\/p> <ul><\/ul><\/div>\n<form action=\"\/en\/wp-json\/wp\/v2\/pages\/1495#wpcf7-f2009-o1\" method=\"post\" class=\"wpcf7-form init\" novalidate=\"novalidate\" data-status=\"init\">\n<div style=\"display: none;\">\n<input type=\"hidden\" name=\"_wpcf7\" value=\"2009\" \/>\n<input type=\"hidden\" name=\"_wpcf7_version\" value=\"5.6.3\" \/>\n<input type=\"hidden\" name=\"_wpcf7_locale\" value=\"en_US\" \/>\n<input type=\"hidden\" name=\"_wpcf7_unit_tag\" value=\"wpcf7-f2009-o1\" \/>\n<input type=\"hidden\" name=\"_wpcf7_container_post\" value=\"0\" \/>\n<input type=\"hidden\" name=\"_wpcf7_posted_data_hash\" value=\"\" \/>\n<\/div>\n<p>\u0627\u0644\u0627\u0633\u0645<br \/>\n    <span class=\"wpcf7-form-control-wrap\" data-name=\"your-name\"><input type=\"text\" name=\"your-name\" value=\"\" size=\"40\" class=\"wpcf7-form-control wpcf7-text wpcf7-validates-as-required\" aria-required=\"true\" aria-invalid=\"false\" \/><\/span> <\/p>\n<p>\u0627\u0644\u0628\u0631\u064a\u062f \u0627\u0644\u0627\u0644\u0643\u062a\u0631\u0648\u0646\u064a<br \/>\n    <span class=\"wpcf7-form-control-wrap\" data-name=\"your-email\"><input type=\"email\" name=\"your-email\" value=\"\" size=\"40\" class=\"wpcf7-form-control wpcf7-text wpcf7-email wpcf7-validates-as-required wpcf7-validates-as-email\" aria-required=\"true\" aria-invalid=\"false\" \/><\/span> <\/p>\n<p>\u0627\u0644\u0645\u0648\u0636\u0648\u0639<br \/>\n    <span class=\"wpcf7-form-control-wrap\" data-name=\"your-subject\"><input type=\"text\" name=\"your-subject\" value=\"\" size=\"40\" class=\"wpcf7-form-control wpcf7-text\" aria-invalid=\"false\" \/><\/span> <\/p>\n<p>\u0627\u0644\u0631\u0633\u0627\u0644\u0629<br \/>\n    <span class=\"wpcf7-form-control-wrap\" data-name=\"your-message\"><textarea name=\"your-message\" cols=\"40\" rows=\"10\" class=\"wpcf7-form-control wpcf7-textarea\" aria-invalid=\"false\"><\/textarea><\/span> <\/p>\n<p><input type=\"submit\" value=\"\u0625\u0631\u0633\u0627\u0644\" class=\"wpcf7-form-control has-spinner wpcf7-submit\" \/><\/p>\n<div class=\"wpcf7-response-output\" aria-hidden=\"true\"><\/div><\/form><\/div><\/div>\n<\/div>\n<\/div>\n<\/div>\n<\/div>\n<\/div>\n<\/div>\n","protected":false},"excerpt":{"rendered":"<p>Contact us . Address Factory: \u00dcniversite mahallesi Sar\u0131 g\u00fcl sokak. No 14 kat 2 fir\u00fczk\u00f6y \/ Avc\u0131lar \/ \u0130stanbul Phone: 00908508881213 Email:&nbsp;info@beta.marmarapak.com MarmaraPak Company Sell Office: Address :Maltepe 27-34010, G\u00fcven \u0130\u015f Merkezi A BlokOfis No. 61 ,Topkapi &#8211; \u0130stanbul Phone: 00908508881213 Email:&nbsp;satis@beta.marmarapak.com Sky Colors Company Email: sky_colors@hotmail.com Facebook:&nbsp;sky colors non woven Tiwtter: @skycolors2016 Instagram:@sky_colors.sa Phone:00966114788855<\/p>\n","protected":false},"author":4,"featured_media":0,"parent":0,"menu_order":0,"comment_status":"closed","ping_status":"closed","template":"","meta":[],"_links":{"self":[{"href":"https:\/\/marmarapak.com\/en\/wp-json\/wp\/v2\/pages\/1495"}],"collection":[{"href":"https:\/\/marmarapak.com\/en\/wp-json\/wp\/v2\/pages"}],"about":[{"href":"https:\/\/marmarapak.com\/en\/wp-json\/wp\/v2\/types\/page"}],"author":[{"embeddable":true,"href":"https:\/\/marmarapak.com\/en\/wp-json\/wp\/v2\/users\/4"}],"replies":[{"embeddable":true,"href":"https:\/\/marmarapak.com\/en\/wp-json\/wp\/v2\/comments?post=1495"}],"version-history":[{"count":5,"href":"https:\/\/marmarapak.com\/en\/wp-json\/wp\/v2\/pages\/1495\/revisions"}],"predecessor-version":[{"id":7612,"href":"https:\/\/marmarapak.com\/en\/wp-json\/wp\/v2\/pages\/1495\/revisions\/7612"}],"wp:attachment":[{"href":"https:\/\/marmarapak.com\/en\/wp-json\/wp\/v2\/media?parent=1495"}],"curies":[{"name":"wp","href":"https:\/\/api.w.org\/{rel}","templated":true}]}}